{"id":91,"date":"2015-11-06T13:55:03","date_gmt":"2015-11-06T13:55:03","guid":{"rendered":"http:\/\/cloynens.com\/beta\/?page_id=91"},"modified":"2022-09-29T19:50:51","modified_gmt":"2022-09-29T18:50:51","slug":"welcome","status":"publish","type":"page","link":"https:\/\/cloynens.com\/","title":{"rendered":"Welcome"},"content":{"rendered":"<h3 style=\"text-align: center;\"><strong>C\u00e9ad M\u00edle F\u00e1ilte Romhat<\/strong><\/h3>\n<h3 style=\"text-align: center;\"><strong>Welcome and thank you for visiting our website.<\/strong><\/h3>\n<p style=\"text-align: center;\"><a href=\"http:\/\/cloynens.com\/wp-content\/uploads\/2015\/11\/cropped-cropped-St-Colmans.jpg\"><img decoding=\"async\" class=\"alignnone wp-image-15\" src=\"http:\/\/cloynens.com\/wp-content\/uploads\/2015\/11\/cropped-cropped-St-Colmans-300x99.jpg\" alt=\"cropped-cropped-St-Colmans.jpg\" width=\"428\" height=\"141\" srcset=\"https:\/\/cloynens.com\/wp-content\/uploads\/2015\/11\/cropped-cropped-St-Colmans-300x99.jpg 300w, https:\/\/cloynens.com\/wp-content\/uploads\/2015\/11\/cropped-cropped-St-Colmans-1024x337.jpg 1024w, https:\/\/cloynens.com\/wp-content\/uploads\/2015\/11\/cropped-cropped-St-Colmans-712x235.jpg 712w, https:\/\/cloynens.com\/wp-content\/uploads\/2015\/11\/cropped-cropped-St-Colmans.jpg 1062w\" sizes=\"(max-width: 428px) 100vw, 428px\" \/><\/a><\/p>\n<p>Welcome to St. Colman\u2019s N.S., Cloyne. St. Colman\u2019s is a mixed, mainstream primary school with a Catholic Ethos. We cater for children in all classes from Junior Infants to 6<sup>th<\/sup> Class. I, as Principal feel privileged to work in a progressive, inclusive school with a caring attitude where all children are cherished and respected. The staff are dedicated, friendly and committed to helping each and every child. We encourage the holistic development of all children. We aim to stimulate each child whatever their ability to achieve his\/her full potential and to be confident and respectful of self and others.<\/p>\n<p>We promote the development of a caring, happy, welcoming and secure environment where the intellectual, spiritual, physical, moral and cultural needs of all pupils are identified and addressed. We are proud of our school climate, one of trust, respect, support, welcome, understanding and acceptance where learning and teaching can be enjoyed.<\/p>\n<p>We believe that self-esteem and confidence are qualities that are fundamental to the well-being of every individual, both child and adult.<\/p>\n<p>The school encourages the continuous professional development of all staff. We acknowledge the importance of Parents in the education of their children. We encourage parents to be actively involved in school life.<\/p>\n<p>N\u00ed neart go cur le ch\u00e9ile<\/p>\n<p>Mary O\u2019Brien.<\/p>\n<p>Principal<\/p>\n<p><em>If you can imagine it<\/em><\/p>\n<p><em>\u00a0\u00a0\u00a0\u00a0\u00a0\u00a0\u00a0 You can achieve it<\/em><\/p>\n<p><em>\u00a0\u00a0\u00a0\u00a0\u00a0\u00a0\u00a0 If you can dream it<\/em><\/p>\n<p><em>\u00a0\u00a0\u00a0\u00a0\u00a0\u00a0 You can become it<\/em><\/p>\n<p>&nbsp;<\/p>\n<p>&nbsp;<\/p>\n<p>&nbsp;<\/p>\n","protected":false},"excerpt":{"rendered":"<p>C\u00e9ad M\u00edle F\u00e1ilte Romhat Welcome and thank you for visiting our website. Welcome to St. Colman\u2019s N.S., Cloyne. St. Colman\u2019s &hellip; <\/p>\n","protected":false},"author":1,"featured_media":0,"parent":0,"menu_order":2,"comment_status":"closed","ping_status":"closed","template":"","meta":{"__cvm_playback_settings":[],"__cvm_video_id":""},"yoast_head":"<!-- This site is optimized with the Yoast SEO plugin v19.12 - https:\/\/yoast.com\/wordpress\/plugins\/seo\/ -->\n<title>Welcome - St. Colman&#039;s National School<\/title>\n<meta name=\"robots\" content=\"index, follow, max-snippet:-1, max-image-preview:large, max-video-preview:-1\" \/>\n<link rel=\"canonical\" href=\"http:\/\/cloynens.com\/\" \/>\n<meta property=\"og:locale\" content=\"en_GB\" \/>\n<meta property=\"og:type\" content=\"article\" \/>\n<meta property=\"og:title\" content=\"Welcome - St. Colman&#039;s National School\" \/>\n<meta property=\"og:description\" content=\"C\u00e9ad M\u00edle F\u00e1ilte Romhat Welcome and thank you for visiting our website. Welcome to St. Colman\u2019s N.S., Cloyne. St. Colman\u2019s &hellip;\" \/>\n<meta property=\"og:url\" content=\"http:\/\/cloynens.com\/\" \/>\n<meta property=\"og:site_name\" content=\"St. Colman&#039;s National School\" \/>\n<meta property=\"article:publisher\" content=\"https:\/\/www.facebook.com\/stcolmanscloyne\" \/>\n<meta property=\"article:modified_time\" content=\"2022-09-29T18:50:51+00:00\" \/>\n<meta property=\"og:image\" content=\"http:\/\/cloynens.com\/wp-content\/uploads\/2015\/11\/cropped-cropped-St-Colmans-300x99.jpg\" \/>\n<meta name=\"twitter:card\" content=\"summary_large_image\" \/>\n<meta name=\"twitter:site\" content=\"@stcolmanscloyne\" \/>\n<meta name=\"twitter:label1\" content=\"Estimated reading time\" \/>\n\t<meta name=\"twitter:data1\" content=\"1 minute\" \/>\n<script type=\"application\/ld+json\" class=\"yoast-schema-graph\">{\"@context\":\"https:\/\/schema.org\",\"@graph\":[{\"@type\":\"WebPage\",\"@id\":\"http:\/\/cloynens.com\/\",\"url\":\"http:\/\/cloynens.com\/\",\"name\":\"Welcome - St. Colman&#039;s National School\",\"isPartOf\":{\"@id\":\"http:\/\/cloynens.com\/#website\"},\"datePublished\":\"2015-11-06T13:55:03+00:00\",\"dateModified\":\"2022-09-29T18:50:51+00:00\",\"breadcrumb\":{\"@id\":\"http:\/\/cloynens.com\/#breadcrumb\"},\"inLanguage\":\"en-GB\",\"potentialAction\":[{\"@type\":\"ReadAction\",\"target\":[\"http:\/\/cloynens.com\/\"]}]},{\"@type\":\"BreadcrumbList\",\"@id\":\"http:\/\/cloynens.com\/#breadcrumb\",\"itemListElement\":[{\"@type\":\"ListItem\",\"position\":1,\"name\":\"Home\",\"item\":\"http:\/\/cloynens.com\/\"},{\"@type\":\"ListItem\",\"position\":2,\"name\":\"Welcome\"}]},{\"@type\":\"WebSite\",\"@id\":\"http:\/\/cloynens.com\/#website\",\"url\":\"http:\/\/cloynens.com\/\",\"name\":\"St. Colman&#039;s National School\",\"description\":\"Cloyne, Co.Cork\",\"publisher\":{\"@id\":\"http:\/\/cloynens.com\/#organization\"},\"potentialAction\":[{\"@type\":\"SearchAction\",\"target\":{\"@type\":\"EntryPoint\",\"urlTemplate\":\"http:\/\/cloynens.com\/?s={search_term_string}\"},\"query-input\":\"required name=search_term_string\"}],\"inLanguage\":\"en-GB\"},{\"@type\":\"Organization\",\"@id\":\"http:\/\/cloynens.com\/#organization\",\"name\":\"St. Colman's National School\",\"url\":\"http:\/\/cloynens.com\/\",\"logo\":{\"@type\":\"ImageObject\",\"inLanguage\":\"en-GB\",\"@id\":\"http:\/\/cloynens.com\/#\/schema\/logo\/image\/\",\"url\":\"https:\/\/cloynens.com\/wp-content\/uploads\/2022\/10\/cropped-logo-Cloyne.jpg\",\"contentUrl\":\"https:\/\/cloynens.com\/wp-content\/uploads\/2022\/10\/cropped-logo-Cloyne.jpg\",\"width\":150,\"height\":150,\"caption\":\"St. Colman's National School\"},\"image\":{\"@id\":\"http:\/\/cloynens.com\/#\/schema\/logo\/image\/\"},\"sameAs\":[\"https:\/\/www.facebook.com\/stcolmanscloyne\",\"https:\/\/twitter.com\/stcolmanscloyne\"]}]}<\/script>\n<!-- \/ Yoast SEO plugin. -->","yoast_head_json":{"title":"Welcome - St. Colman&#039;s National School","robots":{"index":"index","follow":"follow","max-snippet":"max-snippet:-1","max-image-preview":"max-image-preview:large","max-video-preview":"max-video-preview:-1"},"canonical":"http:\/\/cloynens.com\/","og_locale":"en_GB","og_type":"article","og_title":"Welcome - St. Colman&#039;s National School","og_description":"C\u00e9ad M\u00edle F\u00e1ilte Romhat Welcome and thank you for visiting our website. Welcome to St. Colman\u2019s N.S., Cloyne. St. Colman\u2019s &hellip;","og_url":"http:\/\/cloynens.com\/","og_site_name":"St. Colman&#039;s National School","article_publisher":"https:\/\/www.facebook.com\/stcolmanscloyne","article_modified_time":"2022-09-29T18:50:51+00:00","og_image":[{"url":"http:\/\/cloynens.com\/wp-content\/uploads\/2015\/11\/cropped-cropped-St-Colmans-300x99.jpg"}],"twitter_card":"summary_large_image","twitter_site":"@stcolmanscloyne","twitter_misc":{"Estimated reading time":"1 minute"},"schema":{"@context":"https:\/\/schema.org","@graph":[{"@type":"WebPage","@id":"http:\/\/cloynens.com\/","url":"http:\/\/cloynens.com\/","name":"Welcome - St. Colman&#039;s National School","isPartOf":{"@id":"http:\/\/cloynens.com\/#website"},"datePublished":"2015-11-06T13:55:03+00:00","dateModified":"2022-09-29T18:50:51+00:00","breadcrumb":{"@id":"http:\/\/cloynens.com\/#breadcrumb"},"inLanguage":"en-GB","potentialAction":[{"@type":"ReadAction","target":["http:\/\/cloynens.com\/"]}]},{"@type":"BreadcrumbList","@id":"http:\/\/cloynens.com\/#breadcrumb","itemListElement":[{"@type":"ListItem","position":1,"name":"Home","item":"http:\/\/cloynens.com\/"},{"@type":"ListItem","position":2,"name":"Welcome"}]},{"@type":"WebSite","@id":"http:\/\/cloynens.com\/#website","url":"http:\/\/cloynens.com\/","name":"St. Colman&#039;s National School","description":"Cloyne, Co.Cork","publisher":{"@id":"http:\/\/cloynens.com\/#organization"},"potentialAction":[{"@type":"SearchAction","target":{"@type":"EntryPoint","urlTemplate":"http:\/\/cloynens.com\/?s={search_term_string}"},"query-input":"required name=search_term_string"}],"inLanguage":"en-GB"},{"@type":"Organization","@id":"http:\/\/cloynens.com\/#organization","name":"St. Colman's National School","url":"http:\/\/cloynens.com\/","logo":{"@type":"ImageObject","inLanguage":"en-GB","@id":"http:\/\/cloynens.com\/#\/schema\/logo\/image\/","url":"https:\/\/cloynens.com\/wp-content\/uploads\/2022\/10\/cropped-logo-Cloyne.jpg","contentUrl":"https:\/\/cloynens.com\/wp-content\/uploads\/2022\/10\/cropped-logo-Cloyne.jpg","width":150,"height":150,"caption":"St. Colman's National School"},"image":{"@id":"http:\/\/cloynens.com\/#\/schema\/logo\/image\/"},"sameAs":["https:\/\/www.facebook.com\/stcolmanscloyne","https:\/\/twitter.com\/stcolmanscloyne"]}]}},"_links":{"self":[{"href":"https:\/\/cloynens.com\/index.php\/wp-json\/wp\/v2\/pages\/91"}],"collection":[{"href":"https:\/\/cloynens.com\/index.php\/wp-json\/wp\/v2\/pages"}],"about":[{"href":"https:\/\/cloynens.com\/index.php\/wp-json\/wp\/v2\/types\/page"}],"author":[{"embeddable":true,"href":"https:\/\/cloynens.com\/index.php\/wp-json\/wp\/v2\/users\/1"}],"replies":[{"embeddable":true,"href":"https:\/\/cloynens.com\/index.php\/wp-json\/wp\/v2\/comments?post=91"}],"version-history":[{"count":27,"href":"https:\/\/cloynens.com\/index.php\/wp-json\/wp\/v2\/pages\/91\/revisions"}],"predecessor-version":[{"id":5737,"href":"https:\/\/cloynens.com\/index.php\/wp-json\/wp\/v2\/pages\/91\/revisions\/5737"}],"wp:attachment":[{"href":"https:\/\/cloynens.com\/index.php\/wp-json\/wp\/v2\/media?parent=91"}],"curies":[{"name":"wp","href":"https:\/\/api.w.org\/{rel}","templated":true}]}}